{"id":222,"date":"2020-07-14T22:36:46","date_gmt":"2020-07-14T22:36:46","guid":{"rendered":"http:\/\/sanvicentedepaul-mataderos.edu.ar\/?page_id=222"},"modified":"2024-06-18T12:55:56","modified_gmt":"2024-06-18T12:55:56","slug":"comedor","status":"publish","type":"page","link":"https:\/\/sanvicentedepaul-mataderos.edu.ar\/?page_id=222","title":{"rendered":"Comedor"},"content":{"rendered":"[et_pb_section fb_built=\u00bb1&#8243; admin_label=\u00bbsection\u00bb _builder_version=\u00bb4.19.5&#8243; custom_margin=\u00bb130px||||false|false\u00bb hover_enabled=\u00bb0&#8243; global_colors_info=\u00bb{}\u00bb sticky_enabled=\u00bb0&#8243;][et_pb_row _builder_version=\u00bb4.21.0&#8243; _module_preset=\u00bbdefault\u00bb][et_pb_column _builder_version=\u00bb4.21.0&#8243; _module_preset=\u00bbdefault\u00bb type=\u00bb4_4&#8243;][et_pb_slider _builder_version=\u00bb4.21.0&#8243; _module_preset=\u00bbdefault\u00bb hover_enabled=\u00bb0&#8243; sticky_enabled=\u00bb0&#8243; content_width=\u00bb480px\u00bb min_height=\u00bb360px\u00bb custom_css_main_element=\u00bbborder-radius: 5px;\u00bb module_alignment=\u00bbcenter\u00bb custom_margin=\u00bb-100px||||false|false\u00bb][et_pb_slide _builder_version=\u00bb4.21.0&#8243; _module_preset=\u00bbdefault\u00bb title_text=\u00bbcomedor\u00bb background_image=\u00bbhttps:\/\/sanvicentedepaul-mataderos.edu.ar\/wp-content\/uploads\/2024\/06\/comedor.jpeg\u00bb background_enable_image=\u00bbon\u00bb hover_enabled=\u00bb0&#8243; sticky_enabled=\u00bb0&#8243;][\/et_pb_slide][et_pb_slide _builder_version=\u00bb4.21.0&#8243; _module_preset=\u00bbdefault\u00bb title_text=\u00bbWhatsApp Image 2024-06-12 at 16.41.29&#8243; background_image=\u00bbhttps:\/\/sanvicentedepaul-mataderos.edu.ar\/wp-content\/uploads\/2024\/06\/WhatsApp-Image-2024-06-12-at-16.41.29.jpeg\u00bb background_enable_image=\u00bbon\u00bb hover_enabled=\u00bb0&#8243; sticky_enabled=\u00bb0&#8243; background_size=\u00bbstretch\u00bb][\/et_pb_slide][et_pb_slide _builder_version=\u00bb4.21.0&#8243; _module_preset=\u00bbdefault\u00bb title_text=\u00bbWhatsApp Image 2024-06-12 at 16.41.28&#8243; background_image=\u00bbhttps:\/\/sanvicentedepaul-mataderos.edu.ar\/wp-content\/uploads\/2024\/06\/WhatsApp-Image-2024-06-12-at-16.41.28.jpeg\u00bb background_enable_image=\u00bbon\u00bb hover_enabled=\u00bb0&#8243; sticky_enabled=\u00bb0&#8243; background_size=\u00bbstretch\u00bb background_position=\u00bbtop_center\u00bb background_vertical_offset=\u00bb5%\u00bb][\/et_pb_slide][\/et_pb_slider][\/et_pb_column][\/et_pb_row][et_pb_row admin_label=\u00bbrow\u00bb _builder_version=\u00bb4.19.5&#8243; background_size=\u00bbinitial\u00bb background_position=\u00bbtop_left\u00bb background_repeat=\u00bbrepeat\u00bb global_colors_info=\u00bb{}\u00bb][et_pb_column type=\u00bb4_4&#8243; _builder_version=\u00bb4.16&#8243; custom_padding=\u00bb|||\u00bb global_colors_info=\u00bb{}\u00bb custom_padding__hover=\u00bb|||\u00bb][et_pb_text admin_label=\u00bbText\u00bb _builder_version=\u00bb4.21.0&#8243; text_font=\u00bb||||||||\u00bb header_font=\u00bb||||||||\u00bb header_2_font=\u00bb|700|||||||\u00bb background_size=\u00bbinitial\u00bb background_position=\u00bbtop_left\u00bb background_repeat=\u00bbrepeat\u00bb custom_padding=\u00bb||3px|||\u00bb global_colors_info=\u00bb{}\u00bb]<p><\/p>\n<h2 class=\"has-text-align-center wp-block-heading\" style=\"text-align: center;\"><span style=\"text-decoration: underline;\">Men\u00fa escolar<\/span><!-- \/wp:post-content --><!-- wp:heading {\"level\":3} --><!-- wp:image {\"align\":\"center\",\"id\":509,\"sizeSlug\":\"large\"} --><\/h2>\n<p><!-- \/wp:image --><\/p>[\/et_pb_text][et_pb_text _builder_version=\u00bb4.19.5&#8243; _module_preset=\u00bbdefault\u00bb global_colors_info=\u00bb{}\u00bb]<h3><strong>Importante:<\/strong> El men\u00fa para nivel inicial o ni\u00f1os menores de 6 a\u00f1os no involucra carne picada, el mismo es reemplazado con carne en estofado.<\/h3>[\/et_pb_text][et_pb_text admin_label=\u00bbText\u00bb _builder_version=\u00bb4.19.5&#8243; background_size=\u00bbinitial\u00bb background_position=\u00bbtop_left\u00bb background_repeat=\u00bbrepeat\u00bb global_colors_info=\u00bb{}\u00bb]<p><!-- wp:heading {\"align\":\"center\"} --><\/p>\n<h3 style=\"text-align: left;\"><span style=\"text-decoration: underline;\">Verano-Oto\u00f1o<\/span><\/h3>\n<p><!-- \/wp:heading --><\/p>[\/et_pb_text][et_pb_image src=\u00bbhttps:\/\/sanvicentedepaul-mataderos.edu.ar\/wp-content\/uploads\/2023\/02\/Menu-verano-otono.jpg\u00bb title_text=\u00bbMenu verano oto\u00f1o\u00bb _builder_version=\u00bb4.19.5&#8243; _module_preset=\u00bbdefault\u00bb global_colors_info=\u00bb{}\u00bb][\/et_pb_image][et_pb_text admin_label=\u00bbText\u00bb _builder_version=\u00bb4.19.5&#8243; background_size=\u00bbinitial\u00bb background_position=\u00bbtop_left\u00bb background_repeat=\u00bbrepeat\u00bb global_colors_info=\u00bb{}\u00bb]<p><span style=\"text-decoration: underline;\"><span style=\"color: #333333; font-family: inherit; font-size: 22px; text-decoration: underline;\">Oto\u00f1o-Invierno<\/span><\/span><\/p>\n<p><!-- \/wp:heading --><\/p>[\/et_pb_text][et_pb_image src=\u00bbhttps:\/\/sanvicentedepaul-mataderos.edu.ar\/wp-content\/uploads\/2023\/02\/Menu-otono-invierno.jpg\u00bb title_text=\u00bbMenu oto\u00f1o invierno\u00bb _builder_version=\u00bb4.19.5&#8243; _module_preset=\u00bbdefault\u00bb global_colors_info=\u00bb{}\u00bb][\/et_pb_image][et_pb_text admin_label=\u00bbText\u00bb _builder_version=\u00bb4.19.5&#8243; background_size=\u00bbinitial\u00bb background_position=\u00bbtop_left\u00bb background_repeat=\u00bbrepeat\u00bb custom_padding=\u00bb||0px|||\u00bb global_colors_info=\u00bb{}\u00bb]<h3><span style=\"text-decoration: underline;\">Primavera-Verano<\/span><\/h3>\n<p><!-- \/wp:image --><\/p>[\/et_pb_text][et_pb_image src=\u00bbhttps:\/\/sanvicentedepaul-mataderos.edu.ar\/wp-content\/uploads\/2023\/02\/Menu-primavera-verano.jpg\u00bb title_text=\u00bbMenu primavera verano\u00bb _builder_version=\u00bb4.19.5&#8243; _module_preset=\u00bbdefault\u00bb global_colors_info=\u00bb{}\u00bb][\/et_pb_image][\/et_pb_column][\/et_pb_row][\/et_pb_section]","protected":false},"excerpt":{"rendered":"<p>Men\u00fa escolar Importante: El men\u00fa para nivel inicial o ni\u00f1os menores de 6 a\u00f1os no involucra carne picada, el mismo es reemplazado con carne en estofado. Verano-Oto\u00f1o Oto\u00f1o-Invierno Primavera-Verano<\/p>\n","protected":false},"author":3,"featured_media":0,"parent":0,"menu_order":0,"comment_status":"closed","ping_status":"closed","template":"","meta":{"_et_pb_use_builder":"on","_et_pb_old_content":"<!-- wp:heading {\"align\":\"center\"} -->\n<h2 class=\"has-text-align-center\">Men\u00f9 2022<\/h2>\n<!-- \/wp:heading -->\n\n<!-- wp:heading {\"level\":3} -->\n<h3>INICIO (Enero-Abril)<\/h3>\n<!-- \/wp:heading -->\n\n<!-- wp:image {\"align\":\"center\",\"id\":507,\"sizeSlug\":\"large\"} -->\n<div class=\"wp-block-image\"><figure class=\"aligncenter size-large\"><img src=\"http:\/\/sanvicentedepaul-mataderos.edu.ar\/wp-content\/uploads\/2022\/03\/menu1.jpg\" alt=\"\" class=\"wp-image-507\"\/><\/figure><\/div>\n<!-- \/wp:image -->\n\n<!-- wp:heading {\"level\":3} -->\n<h3>(Mayo-Agosto)<\/h3>\n<!-- \/wp:heading -->\n\n<!-- wp:image {\"align\":\"center\",\"id\":508,\"sizeSlug\":\"large\"} -->\n<div class=\"wp-block-image\"><figure class=\"aligncenter size-large\"><img src=\"http:\/\/sanvicentedepaul-mataderos.edu.ar\/wp-content\/uploads\/2022\/03\/menu2.jpg\" alt=\"\" class=\"wp-image-508\"\/><\/figure><\/div>\n<!-- \/wp:image -->\n\n<!-- wp:heading {\"level\":3} -->\n<h3>(Septiembre-Diciembre)<\/h3>\n<!-- \/wp:heading -->\n\n<!-- wp:image {\"align\":\"center\",\"id\":509,\"sizeSlug\":\"large\"} -->\n<div class=\"wp-block-image\"><figure class=\"aligncenter size-large\"><img src=\"http:\/\/sanvicentedepaul-mataderos.edu.ar\/wp-content\/uploads\/2022\/03\/menu3.jpg\" alt=\"\" class=\"wp-image-509\"\/><\/figure><\/div>\n<!-- \/wp:image -->","_et_gb_content_width":"","_uag_custom_page_level_css":"","footnotes":""},"class_list":["post-222","page","type-page","status-publish","hentry"],"uagb_featured_image_src":{"full":false,"thumbnail":false,"medium":false,"medium_large":false,"large":false,"elegant_blocks_team_1":false,"elegant_blocks_blog_1":false,"elegant_blocks_slider_1":false,"1536x1536":false,"2048x2048":false,"et-pb-post-main-image":false,"et-pb-post-main-image-fullwidth":false,"et-pb-portfolio-image":false,"et-pb-portfolio-module-image":false,"et-pb-portfolio-image-single":false,"et-pb-gallery-module-image-portrait":false,"et-pb-post-main-image-fullwidth-large":false,"et-pb-image--responsive--desktop":false,"et-pb-image--responsive--tablet":false,"et-pb-image--responsive--phone":false},"uagb_author_info":{"display_name":"Nestor Pelizzari","author_link":"https:\/\/sanvicentedepaul-mataderos.edu.ar\/?author=3"},"uagb_comment_info":0,"uagb_excerpt":"Men\u00fa escolar Importante: El men\u00fa para nivel inicial o ni\u00f1os menores de 6 a\u00f1os no involucra carne picada, el mismo es reemplazado con carne en estofado. Verano-Oto\u00f1o Oto\u00f1o-Invierno Primavera-Verano","_links":{"self":[{"href":"https:\/\/sanvicentedepaul-mataderos.edu.ar\/index.php?rest_route=\/wp\/v2\/pages\/222","targetHints":{"allow":["GET"]}}],"collection":[{"href":"https:\/\/sanvicentedepaul-mataderos.edu.ar\/index.php?rest_route=\/wp\/v2\/pages"}],"about":[{"href":"https:\/\/sanvicentedepaul-mataderos.edu.ar\/index.php?rest_route=\/wp\/v2\/types\/page"}],"author":[{"embeddable":true,"href":"https:\/\/sanvicentedepaul-mataderos.edu.ar\/index.php?rest_route=\/wp\/v2\/users\/3"}],"replies":[{"embeddable":true,"href":"https:\/\/sanvicentedepaul-mataderos.edu.ar\/index.php?rest_route=%2Fwp%2Fv2%2Fcomments&post=222"}],"version-history":[{"count":11,"href":"https:\/\/sanvicentedepaul-mataderos.edu.ar\/index.php?rest_route=\/wp\/v2\/pages\/222\/revisions"}],"predecessor-version":[{"id":1367,"href":"https:\/\/sanvicentedepaul-mataderos.edu.ar\/index.php?rest_route=\/wp\/v2\/pages\/222\/revisions\/1367"}],"wp:attachment":[{"href":"https:\/\/sanvicentedepaul-mataderos.edu.ar\/index.php?rest_route=%2Fwp%2Fv2%2Fmedia&parent=222"}],"curies":[{"name":"wp","href":"https:\/\/api.w.org\/{rel}","templated":true}]}}