{"id":712,"date":"2022-09-19T23:51:44","date_gmt":"2022-09-19T23:51:44","guid":{"rendered":"https:\/\/sanvicentedepaul-mataderos.edu.ar\/?page_id=712"},"modified":"2022-09-19T23:54:36","modified_gmt":"2022-09-19T23:54:36","slug":"mision-2","status":"publish","type":"page","link":"https:\/\/sanvicentedepaul-mataderos.edu.ar\/?page_id=712","title":{"rendered":"Objetivos_Inicial"},"content":{"rendered":"<p>[et_pb_section fb_built=\u00bb1&#8243; fullwidth=\u00bbon\u00bb admin_label=\u00bbHeader Section\u00bb _builder_version=\u00bb4.16&#8243; background_image=\u00bbhttps:\/\/sanvicentedepaul-mataderos.edu.ar\/wp-content\/uploads\/2022\/09\/shapes-bg-color.png\u00bb parallax=\u00bbon\u00bb top_divider_style=\u00bbclouds2&#8243; top_divider_color=\u00bbrgba(255,255,255,0.3)\u00bb top_divider_height=\u00bb100%\u00bb bottom_divider_height=\u00bb30px\u00bb global_colors_info=\u00bb{}\u00bb locked=\u00bboff\u00bb][et_pb_fullwidth_header title=\u00bbINICIAL\u00bb subhead=\u00bbObjetivos\u00bb text_orientation=\u00bbcenter\u00bb _builder_version=\u00bb4.18.0&#8243; title_level=\u00bbh2&#8243; title_font=\u00bbRubik|700||on|||||\u00bb title_text_color=\u00bb#ff7355&#8243; title_font_size=\u00bb16px\u00bb title_letter_spacing=\u00bb5px\u00bb title_line_height=\u00bb2em\u00bb content_font=\u00bbRubik||||||||\u00bb content_font_size=\u00bb1vw\u00bb content_line_height=\u00bb4.5em\u00bb subhead_font=\u00bbRubik|700|||||||\u00bb subhead_text_color=\u00bbrgba(0,0,0,0.8)\u00bb subhead_font_size=\u00bb50px\u00bb subhead_line_height=\u00bb1.4em\u00bb background_color=\u00bbrgba(255,255,255,0)\u00bb use_background_color_gradient=\u00bbon\u00bb background_color_gradient_stops=\u00bbrgba(255,255,255,0.7) 0%|#ffffff 100%\u00bb background_color_gradient_start=\u00bbrgba(255,255,255,0.7)\u00bb background_color_gradient_end=\u00bb#ffffff\u00bb background_size=\u00bbcontain\u00bb background_position=\u00bbbottom_center\u00bb custom_button_one=\u00bbon\u00bb button_one_text_size=\u00bb16px\u00bb button_one_text_color=\u00bb#ffffff\u00bb button_one_bg_color=\u00bb#ff7355&#8243; button_one_border_width=\u00bb15px\u00bb button_one_border_color=\u00bbrgba(210,159,104,0)\u00bb button_one_border_radius=\u00bb100px\u00bb button_one_letter_spacing=\u00bb0px\u00bb button_one_font=\u00bbRubik|700|||||||\u00bb button_one_use_icon=\u00bboff\u00bb custom_button_two=\u00bbon\u00bb button_two_text_size=\u00bb16px\u00bb button_two_text_color=\u00bb#ffffff\u00bb button_two_bg_color=\u00bbrgba(0,0,0,0.6)\u00bb button_two_border_width=\u00bb15px\u00bb button_two_border_color=\u00bbrgba(210,159,104,0)\u00bb button_two_border_radius=\u00bb100px\u00bb button_two_letter_spacing=\u00bb0px\u00bb button_two_font=\u00bbRubik|700|||||||\u00bb button_two_use_icon=\u00bboff\u00bb background_layout=\u00bblight\u00bb custom_margin=\u00bb0px||0px||false|false\u00bb custom_padding=\u00bb6vw||0px||false|false\u00bb animation_style=\u00bbslide\u00bb animation_direction=\u00bbbottom\u00bb animation_intensity_slide=\u00bb1%\u00bb hover_enabled=\u00bb0&#8243; subhead_font_size_tablet=\u00bb\u00bb subhead_font_size_phone=\u00bb30px\u00bb subhead_font_size_last_edited=\u00bbon|phone\u00bb button_one_border_radius_hover=\u00bb100px\u00bb button_two_border_radius_hover=\u00bb100px\u00bb button_one_bg_color_hover=\u00bb#ff8a70&#8243; button_two_bg_color_hover=\u00bb#ff8a70&#8243; global_colors_info=\u00bb{}\u00bb button_one_text_size__hover_enabled=\u00bboff\u00bb button_two_text_size__hover_enabled=\u00bboff\u00bb button_one_text_color__hover_enabled=\u00bboff\u00bb button_two_text_color__hover_enabled=\u00bboff\u00bb button_one_border_width__hover_enabled=\u00bboff\u00bb button_two_border_width__hover_enabled=\u00bboff\u00bb button_one_border_color__hover_enabled=\u00bboff\u00bb button_two_border_color__hover_enabled=\u00bboff\u00bb button_one_border_radius__hover_enabled=\u00bbon\u00bb button_one_border_radius__hover=\u00bb100px\u00bb button_two_border_radius__hover_enabled=\u00bbon\u00bb button_two_border_radius__hover=\u00bb100px\u00bb button_one_letter_spacing__hover_enabled=\u00bboff\u00bb button_two_letter_spacing__hover_enabled=\u00bboff\u00bb button_one_bg_color__hover_enabled=\u00bbon\u00bb button_one_bg_color__hover=\u00bb#ff8a70&#8243; button_two_bg_color__hover_enabled=\u00bbon\u00bb button_two_bg_color__hover=\u00bb#ff8a70&#8243; sticky_enabled=\u00bb0&#8243; admin_label=\u00bbT\u00edtulo de anchura completa\u00bb content_text_align=\u00bbcenter\u00bb]<\/p>\n<p style=\"text-align: center;\">OBJETIVOS GENERALES DEL NIVEL INICIAL<\/p>\n<p>[\/et_pb_fullwidth_header][et_pb_fullwidth_header _builder_version=\u00bb4.18.0&#8243; _module_preset=\u00bbdefault\u00bb background_enable_color=\u00bboff\u00bb background_layout=\u00bblight\u00bb hover_enabled=\u00bb0&#8243; sticky_enabled=\u00bb0&#8243; custom_margin=\u00bb-6vh|||20vw|false|false\u00bb content_font_size=\u00bb0.7vw\u00bb custom_padding=\u00bb||12vh||false|false\u00bb]<\/p>\n<ul>\n<li style=\"text-align: left;\">Incentivar en los ni\u00f1os la capacidad de asombro, de observaci\u00f3n y de contemplaci\u00f3n.<\/li>\n<li style=\"text-align: left;\">Promover en ellos la confianza, cuidado, amistad y respeto a s\u00ed mismos y a los otros.<\/li>\n<li style=\"text-align: left;\">Favorecer el surgimiento de actividades de cooperaci\u00f3n y de solidaridad con los dem\u00e1s.<\/li>\n<li style=\"text-align: left;\">Desarrollar su capacidad creativa y el placer por el conocimiento en las experiencias de aprendizaje.<\/li>\n<li style=\"text-align: left;\">Fomentar el car\u00e1cter l\u00fadico del aprendizaje.<\/li>\n<li style=\"text-align: left;\">Promover actividades de psicomotricidad y ritmo.<\/li>\n<li style=\"text-align: left;\">Desarrollar la capacidad de expresi\u00f3n y comunicaci\u00f3n a trav\u00e9s de los distintos lenguajes, verbales y no verbales: el movimiento, la m\u00fasica, la expresi\u00f3n pl\u00e1stica y la literatura.<\/li>\n<li style=\"text-align: left;\">Impulsar la libre expresi\u00f3n art\u00edstica y ling\u00fc\u00edstica.<\/li>\n<li style=\"text-align: left;\">Provocar genuinas vivencias con la naturaleza y el mundo circundante.<\/li>\n<li style=\"text-align: left;\">Despertar actitudes de respeto hacia los s\u00edmbolos patrios y pr\u00f3ceres de la Patria.<\/li>\n<li style=\"text-align: left;\">Propiciar la participaci\u00f3n de las familias en el cuidado y la tarea educativa promoviendo la comunicaci\u00f3n y el respeto mutuo.<\/li>\n<li style=\"text-align: left;\">Estar atentos a las necesidades especiales y dificultades de aprendizaje.<\/li>\n<\/ul>\n<p>[\/et_pb_fullwidth_header][\/et_pb_section]<\/p>\n","protected":false},"excerpt":{"rendered":"<p>OBJETIVOS GENERALES DEL NIVEL INICIAL Incentivar en los ni\u00f1os la capacidad de asombro, de observaci\u00f3n y de contemplaci\u00f3n. Promover en ellos la confianza, cuidado, amistad y respeto a s\u00ed mismos y a los otros. Favorecer el surgimiento de actividades de cooperaci\u00f3n y de solidaridad con los dem\u00e1s. Desarrollar su capacidad creativa y el placer por [&hellip;]<\/p>\n","protected":false},"author":3,"featured_media":0,"parent":0,"menu_order":0,"comment_status":"closed","ping_status":"closed","template":"","meta":{"_et_pb_use_builder":"on","_et_pb_old_content":"","_et_gb_content_width":"","_uag_custom_page_level_css":"","footnotes":""},"class_list":["post-712","page","type-page","status-publish","hentry"],"uagb_featured_image_src":{"full":false,"thumbnail":false,"medium":false,"medium_large":false,"large":false,"elegant_blocks_team_1":false,"elegant_blocks_blog_1":false,"elegant_blocks_slider_1":false,"1536x1536":false,"2048x2048":false,"et-pb-post-main-image":false,"et-pb-post-main-image-fullwidth":false,"et-pb-portfolio-image":false,"et-pb-portfolio-module-image":false,"et-pb-portfolio-image-single":false,"et-pb-gallery-module-image-portrait":false,"et-pb-post-main-image-fullwidth-large":false,"et-pb-image--responsive--desktop":false,"et-pb-image--responsive--tablet":false,"et-pb-image--responsive--phone":false},"uagb_author_info":{"display_name":"Nestor Pelizzari","author_link":"https:\/\/sanvicentedepaul-mataderos.edu.ar\/?author=3"},"uagb_comment_info":0,"uagb_excerpt":"OBJETIVOS GENERALES DEL NIVEL INICIAL Incentivar en los ni\u00f1os la capacidad de asombro, de observaci\u00f3n y de contemplaci\u00f3n. Promover en ellos la confianza, cuidado, amistad y respeto a s\u00ed mismos y a los otros. Favorecer el surgimiento de actividades de cooperaci\u00f3n y de solidaridad con los dem\u00e1s. Desarrollar su capacidad creativa y el placer por&hellip;","_links":{"self":[{"href":"https:\/\/sanvicentedepaul-mataderos.edu.ar\/index.php?rest_route=\/wp\/v2\/pages\/712","targetHints":{"allow":["GET"]}}],"collection":[{"href":"https:\/\/sanvicentedepaul-mataderos.edu.ar\/index.php?rest_route=\/wp\/v2\/pages"}],"about":[{"href":"https:\/\/sanvicentedepaul-mataderos.edu.ar\/index.php?rest_route=\/wp\/v2\/types\/page"}],"author":[{"embeddable":true,"href":"https:\/\/sanvicentedepaul-mataderos.edu.ar\/index.php?rest_route=\/wp\/v2\/users\/3"}],"replies":[{"embeddable":true,"href":"https:\/\/sanvicentedepaul-mataderos.edu.ar\/index.php?rest_route=%2Fwp%2Fv2%2Fcomments&post=712"}],"version-history":[{"count":6,"href":"https:\/\/sanvicentedepaul-mataderos.edu.ar\/index.php?rest_route=\/wp\/v2\/pages\/712\/revisions"}],"predecessor-version":[{"id":723,"href":"https:\/\/sanvicentedepaul-mataderos.edu.ar\/index.php?rest_route=\/wp\/v2\/pages\/712\/revisions\/723"}],"wp:attachment":[{"href":"https:\/\/sanvicentedepaul-mataderos.edu.ar\/index.php?rest_route=%2Fwp%2Fv2%2Fmedia&parent=712"}],"curies":[{"name":"wp","href":"https:\/\/api.w.org\/{rel}","templated":true}]}}