{"id":744,"date":"2022-09-26T19:19:49","date_gmt":"2022-09-26T19:19:49","guid":{"rendered":"https:\/\/sanvicentedepaul-mataderos.edu.ar\/?page_id=744"},"modified":"2023-05-03T21:14:30","modified_gmt":"2023-05-03T21:14:30","slug":"salashorarios","status":"publish","type":"page","link":"https:\/\/sanvicentedepaul-mataderos.edu.ar\/?page_id=744","title":{"rendered":"Salas y Horarios"},"content":{"rendered":"<p>[et_pb_section fb_built=\u00bb1&#8243; fullwidth=\u00bbon\u00bb admin_label=\u00bbHeader Section\u00bb _builder_version=\u00bb4.16&#8243; background_image=\u00bbhttps:\/\/sanvicentedepaul-mataderos.edu.ar\/wp-content\/uploads\/2022\/09\/shapes-bg-color.png\u00bb parallax=\u00bbon\u00bb top_divider_style=\u00bbclouds2&#8243; top_divider_color=\u00bbrgba(255,255,255,0.3)\u00bb top_divider_height=\u00bb100%\u00bb bottom_divider_height=\u00bb30px\u00bb locked=\u00bboff\u00bb global_colors_info=\u00bb{}\u00bb][et_pb_fullwidth_header title=\u00bbINICIAL\u00bb subhead=\u00bbSala y Horarios\u00bb text_orientation=\u00bbcenter\u00bb admin_label=\u00bbT\u00edtulo de anchura completa\u00bb _builder_version=\u00bb4.18.0&#8243; title_level=\u00bbh2&#8243; title_font=\u00bbRubik|700||on|||||\u00bb title_text_color=\u00bb#ff7355&#8243; title_font_size=\u00bb16px\u00bb title_letter_spacing=\u00bb5px\u00bb title_line_height=\u00bb2em\u00bb content_font=\u00bbRubik||||||||\u00bb content_text_align=\u00bbcenter\u00bb content_font_size=\u00bb1vw\u00bb content_line_height=\u00bb4.5em\u00bb subhead_font=\u00bbRubik|700|||||||\u00bb subhead_text_color=\u00bbrgba(0,0,0,0.8)\u00bb subhead_font_size=\u00bb50px\u00bb subhead_line_height=\u00bb1.4em\u00bb background_color=\u00bbrgba(255,255,255,0)\u00bb use_background_color_gradient=\u00bbon\u00bb background_color_gradient_stops=\u00bbrgba(255,255,255,0.7) 0%|#ffffff 100%\u00bb background_color_gradient_start=\u00bbrgba(255,255,255,0.7)\u00bb background_color_gradient_end=\u00bb#ffffff\u00bb background_size=\u00bbcontain\u00bb background_position=\u00bbbottom_center\u00bb custom_button_one=\u00bbon\u00bb button_one_text_size=\u00bb16px\u00bb button_one_text_color=\u00bb#ffffff\u00bb button_one_bg_color=\u00bb#ff7355&#8243; button_one_border_width=\u00bb15px\u00bb button_one_border_color=\u00bbrgba(210,159,104,0)\u00bb button_one_border_radius=\u00bb100px\u00bb button_one_letter_spacing=\u00bb0px\u00bb button_one_font=\u00bbRubik|700|||||||\u00bb button_one_use_icon=\u00bboff\u00bb custom_button_two=\u00bbon\u00bb button_two_text_size=\u00bb16px\u00bb button_two_text_color=\u00bb#ffffff\u00bb button_two_bg_color=\u00bbrgba(0,0,0,0.6)\u00bb button_two_border_width=\u00bb15px\u00bb button_two_border_color=\u00bbrgba(210,159,104,0)\u00bb button_two_border_radius=\u00bb100px\u00bb button_two_letter_spacing=\u00bb0px\u00bb button_two_font=\u00bbRubik|700|||||||\u00bb button_two_use_icon=\u00bboff\u00bb custom_margin=\u00bb0px||0px||false|false\u00bb custom_padding=\u00bb6vw||0px||false|false\u00bb animation_style=\u00bbslide\u00bb animation_direction=\u00bbbottom\u00bb animation_intensity_slide=\u00bb1%\u00bb subhead_font_size_tablet=\u00bb\u00bb subhead_font_size_phone=\u00bb30px\u00bb subhead_font_size_last_edited=\u00bbon|phone\u00bb button_one_border_radius_hover=\u00bb100px\u00bb button_two_border_radius_hover=\u00bb100px\u00bb button_one_bg_color_hover=\u00bb#ff8a70&#8243; button_two_bg_color_hover=\u00bb#ff8a70&#8243; global_colors_info=\u00bb{}\u00bb button_one_text_size__hover_enabled=\u00bboff\u00bb button_two_text_size__hover_enabled=\u00bboff\u00bb button_one_text_color__hover_enabled=\u00bboff\u00bb button_two_text_color__hover_enabled=\u00bboff\u00bb button_one_border_width__hover_enabled=\u00bboff\u00bb button_two_border_width__hover_enabled=\u00bboff\u00bb button_one_border_color__hover_enabled=\u00bboff\u00bb button_two_border_color__hover_enabled=\u00bboff\u00bb button_one_border_radius__hover_enabled=\u00bbon\u00bb button_one_border_radius__hover=\u00bb100px\u00bb button_two_border_radius__hover_enabled=\u00bbon\u00bb button_two_border_radius__hover=\u00bb100px\u00bb button_one_letter_spacing__hover_enabled=\u00bboff\u00bb button_two_letter_spacing__hover_enabled=\u00bboff\u00bb button_one_bg_color__hover_enabled=\u00bbon\u00bb button_one_bg_color__hover=\u00bb#ff8a70&#8243; button_two_bg_color__hover_enabled=\u00bbon\u00bb button_two_bg_color__hover=\u00bb#ff8a70&#8243;]<\/p>\n<p style=\"text-align: center;\">Materias por aulas y horarios<\/p>\n<p>[\/et_pb_fullwidth_header][\/et_pb_section][et_pb_section fb_built=\u00bb1&#8243; _builder_version=\u00bb4.18.0&#8243; _module_preset=\u00bbdefault\u00bb global_colors_info=\u00bb{}\u00bb][et_pb_row _builder_version=\u00bb4.18.0&#8243; _module_preset=\u00bbdefault\u00bb global_colors_info=\u00bb{}\u00bb][et_pb_column type=\u00bb4_4&#8243; _builder_version=\u00bb4.18.0&#8243; _module_preset=\u00bbdefault\u00bb global_colors_info=\u00bb{}\u00bb][et_pb_video src=\u00bbhttps:\/\/sanvicentedepaul-mataderos.edu.ar\/wp-content\/uploads\/2022\/09\/VID-20220913-WA0129.mp4&#8243; _builder_version=\u00bb4.18.0&#8243; _module_preset=\u00bbdefault\u00bb global_colors_info=\u00bb{}\u00bb][\/et_pb_video][\/et_pb_column][\/et_pb_row][et_pb_row _builder_version=\u00bb4.19.5&#8243; _module_preset=\u00bbdefault\u00bb hover_enabled=\u00bb0&#8243; global_colors_info=\u00bb{}\u00bb locked=\u00bboff\u00bb sticky_enabled=\u00bb0&#8243; width=\u00bb73%\u00bb max_width=\u00bb550px\u00bb module_alignment=\u00bbcenter\u00bb max_height=\u00bb342px\u00bb min_height=\u00bb256px\u00bb][et_pb_column type=\u00bb4_4&#8243; _builder_version=\u00bb4.19.5&#8243; _module_preset=\u00bbdefault\u00bb background_color=\u00bb#efefdc\u00bb custom_padding=\u00bb10px||3ex||false|false\u00bb animation_style=\u00bbfade\u00bb hover_enabled=\u00bb0&#8243; global_colors_info=\u00bb{}\u00bb sticky_enabled=\u00bb0&#8243;][ba_animated_text animated_text=\u00bb%91{%22value%22:%22Nivel Inicial%22,%22checked%22:0,%22dragID%22:-1}%93&#8243; text_alignment=\u00bbcenter\u00bb _builder_version=\u00bb4.19.5&#8243; _module_preset=\u00bbdefault\u00bb animated_font=\u00bb|700|||||||\u00bb hover_enabled=\u00bb0&#8243; global_colors_info=\u00bb{}\u00bb width=\u00bb100%\u00bb max_width=\u00bb400px\u00bb module_alignment=\u00bbcenter\u00bb sticky_enabled=\u00bb0&#8243;][\/ba_animated_text][et_pb_text _builder_version=\u00bb4.19.5&#8243; _module_preset=\u00bbdefault\u00bb text_font=\u00bb|700|||||||\u00bb text_font_size=\u00bb16px\u00bb custom_margin=\u00bb|||1ex|false|false\u00bb hover_enabled=\u00bb0&#8243; global_colors_info=\u00bb{}\u00bb max_width=\u00bb400px\u00bb module_alignment=\u00bbcenter\u00bb sticky_enabled=\u00bb0&#8243;]<\/p>\n<p>Salas de 2, 3, 4 y 5 a\u00f1os<\/p>\n<p>[\/et_pb_text][et_pb_text _builder_version=\u00bb4.19.5&#8243; _module_preset=\u00bbdefault\u00bb custom_margin=\u00bb-18px|||3ex|false|false\u00bb hover_enabled=\u00bb0&#8243; global_colors_info=\u00bb{}\u00bb max_width=\u00bb400px\u00bb module_alignment=\u00bbcenter\u00bb sticky_enabled=\u00bb0&#8243;]<\/p>\n<p><strong>Turno ma\u00f1ana<\/strong> de 8:00 hs a 11:40 hs con posibilidad de pre y pos hora.<\/p>\n<p>[\/et_pb_text][et_pb_text _builder_version=\u00bb4.19.5&#8243; _module_preset=\u00bbdefault\u00bb text_font=\u00bb|700|||||||\u00bb text_font_size=\u00bb16px\u00bb custom_margin=\u00bb|||1ex|false|false\u00bb hover_enabled=\u00bb0&#8243; global_colors_info=\u00bb{}\u00bb max_width=\u00bb400px\u00bb module_alignment=\u00bbcenter\u00bb sticky_enabled=\u00bb0&#8243;]<\/p>\n<p>Salas de 3, 4 y 5 a\u00f1os<\/p>\n<p>[\/et_pb_text][et_pb_text _builder_version=\u00bb4.19.5&#8243; _module_preset=\u00bbdefault\u00bb custom_margin=\u00bb-18px|||3ex|false|false\u00bb hover_enabled=\u00bb0&#8243; global_colors_info=\u00bb{}\u00bb max_width=\u00bb400px\u00bb module_alignment=\u00bbcenter\u00bb sticky_enabled=\u00bb0&#8243;]<\/p>\n<p><strong>Doble jornada<\/strong> de 8:30 hs a 16:00 hs con posibilidad de pre hora.<\/p>\n<p>[\/et_pb_text][\/et_pb_column][\/et_pb_row][\/et_pb_section][et_pb_section fb_built=\u00bb1&#8243; _builder_version=\u00bb4.18.0&#8243; _module_preset=\u00bbdefault\u00bb hover_enabled=\u00bb0&#8243; global_colors_info=\u00bb{}\u00bb sticky_enabled=\u00bb0&#8243;][et_pb_row column_structure=\u00bb1_4,1_4,1_4,1_4&#8243; _builder_version=\u00bb4.19.5&#8243; _module_preset=\u00bbdefault\u00bb hover_enabled=\u00bb0&#8243; global_colors_info=\u00bb{}\u00bb custom_margin=\u00bb-20px||||false|false\u00bb sticky_enabled=\u00bb0&#8243;][et_pb_column type=\u00bb1_4&#8243; _builder_version=\u00bb4.18.0&#8243; _module_preset=\u00bbdefault\u00bb global_colors_info=\u00bb{}\u00bb][et_pb_image src=\u00bbhttps:\/\/sanvicentedepaul-mataderos.edu.ar\/wp-content\/uploads\/2022\/09\/Sala-de-2-scaled.jpg\u00bb title_text=\u00bbSala de 2&#8243; _builder_version=\u00bb4.18.0&#8243; _module_preset=\u00bbdefault\u00bb max_width=\u00bb12vw\u00bb height=\u00bb22vh\u00bb global_colors_info=\u00bb{}\u00bb][\/et_pb_image][et_pb_accordion admin_label=\u00bbAcorde\u00f3n\u00bb _builder_version=\u00bb4.18.0&#8243; _module_preset=\u00bbdefault\u00bb global_colors_info=\u00bb{}\u00bb][et_pb_accordion_item title=\u00bbSala de 2 a\u00f1os\u00bb open=\u00bbon\u00bb _builder_version=\u00bb4.18.0&#8243; _module_preset=\u00bbdefault\u00bb global_colors_info=\u00bb{}\u00bb]<\/p>\n<div>Jornada simple:<\/div>\n<div>*Catequesis<\/div>\n<div>*Ed. Musical<\/div>\n<div>*Ed. F\u00edsica<\/div>\n<div>*Estimulaci\u00f3n psicomotr\u00edz<\/div>\n<div>*Expresi\u00f3n teatral<\/div>\n<div><\/div>\n<div><\/div>\n<div><\/div>\n<p>[\/et_pb_accordion_item][\/et_pb_accordion][\/et_pb_column][et_pb_column type=\u00bb1_4&#8243; _builder_version=\u00bb4.18.0&#8243; _module_preset=\u00bbdefault\u00bb global_colors_info=\u00bb{}\u00bb][et_pb_image src=\u00bbhttps:\/\/sanvicentedepaul-mataderos.edu.ar\/wp-content\/uploads\/2022\/09\/Sala-de-3-scaled.jpg\u00bb title_text=\u00bbSala de 3&#8243; align=\u00bbcenter\u00bb admin_label=\u00bbImagen\u00bb _builder_version=\u00bb4.18.0&#8243; _module_preset=\u00bbdefault\u00bb max_width=\u00bb16.6vh\u00bb locked=\u00bboff\u00bb global_colors_info=\u00bb{}\u00bb][\/et_pb_image][et_pb_accordion _builder_version=\u00bb4.18.0&#8243; _module_preset=\u00bbdefault\u00bb global_colors_info=\u00bb{}\u00bb][et_pb_accordion_item title=\u00bbSala de 3 a\u00f1os\u00bb open=\u00bbon\u00bb _builder_version=\u00bb4.18.0&#8243; _module_preset=\u00bbdefault\u00bb global_colors_info=\u00bb{}\u00bb]<\/p>\n<p><span>Jornada Simple<\/span><\/p>\n<div dir=\"auto\">*Catequesis\u00a0<\/div>\n<div dir=\"auto\">*Ed. Musical<\/div>\n<div dir=\"auto\">*Ed. F\u00edsica\u00a0<\/div>\n<div dir=\"auto\">*Estimulaci\u00f3n psicomotr\u00edz<\/div>\n<div dir=\"auto\">*Expresi\u00f3n teatral<\/div>\n<div dir=\"auto\"><\/div>\n<div dir=\"auto\">Doble jornada\u00a0<\/div>\n<div dir=\"auto\">*Catequesis\u00a0<\/div>\n<div dir=\"auto\">*Ed. F\u00edsica\u00a0<\/div>\n<div dir=\"auto\">*Ed.Musical\u00a0<\/div>\n<div dir=\"auto\">*Estipmulaci\u00f3n psicomotriz<\/div>\n<div dir=\"auto\">*Expresi\u00f3n\u00a0 teatral\u00a0<\/div>\n<div dir=\"auto\">*Inform\u00e1tica\u00a0<\/div>\n<p>[\/et_pb_accordion_item][\/et_pb_accordion][\/et_pb_column][et_pb_column type=\u00bb1_4&#8243; _builder_version=\u00bb4.18.0&#8243; _module_preset=\u00bbdefault\u00bb global_colors_info=\u00bb{}\u00bb][et_pb_image src=\u00bbhttps:\/\/sanvicentedepaul-mataderos.edu.ar\/wp-content\/uploads\/2022\/09\/Sala-de-4-scaled.jpg\u00bb title_text=\u00bbSala de 4&#8243; _builder_version=\u00bb4.18.0&#8243; _module_preset=\u00bbdefault\u00bb max_width=\u00bb26vh\u00bb locked=\u00bboff\u00bb global_colors_info=\u00bb{}\u00bb][\/et_pb_image][et_pb_accordion _builder_version=\u00bb4.18.0&#8243; _module_preset=\u00bbdefault\u00bb global_colors_info=\u00bb{}\u00bb][et_pb_accordion_item title=\u00bbSala de 4 a\u00f1os\u00bb open=\u00bbon\u00bb _builder_version=\u00bb4.18.0&#8243; _module_preset=\u00bbdefault\u00bb global_colors_info=\u00bb{}\u00bb]<\/p>\n<div dir=\"auto\">Jornada simple<\/div>\n<div dir=\"auto\">*Catequesis<\/div>\n<div dir=\"auto\">*Ed. F\u00edsica\u00a0<\/div>\n<div dir=\"auto\">*Ed. Musical<\/div>\n<div dir=\"auto\">*Inform\u00e1tica\u00a0<\/div>\n<div dir=\"auto\">*Ingl\u00e9s\u00a0<\/div>\n<div dir=\"auto\"><\/div>\n<div dir=\"auto\">Doble jornada<\/div>\n<div dir=\"auto\">*Catequesis<\/div>\n<div dir=\"auto\">*Ed F\u00edsica\u00a0<\/div>\n<div dir=\"auto\">*Ed. Musical<\/div>\n<div dir=\"auto\">*Expresi\u00f3n teatral<\/div>\n<div dir=\"auto\">*Inform\u00e1tica\u00a0<\/div>\n<div dir=\"auto\">*Ingl\u00e9s\u00a0<\/div>\n<p>[\/et_pb_accordion_item][\/et_pb_accordion][\/et_pb_column][et_pb_column type=\u00bb1_4&#8243; _builder_version=\u00bb4.18.0&#8243; _module_preset=\u00bbdefault\u00bb global_colors_info=\u00bb{}\u00bb][et_pb_image src=\u00bbhttps:\/\/sanvicentedepaul-mataderos.edu.ar\/wp-content\/uploads\/2022\/09\/Sala-de-5.jpg\u00bb title_text=\u00bbSala de 5&#8243; _builder_version=\u00bb4.18.0&#8243; _module_preset=\u00bbdefault\u00bb max_width=\u00bb24.5vh\u00bb locked=\u00bboff\u00bb global_colors_info=\u00bb{}\u00bb][\/et_pb_image][et_pb_accordion _builder_version=\u00bb4.18.0&#8243; _module_preset=\u00bbdefault\u00bb global_colors_info=\u00bb{}\u00bb][et_pb_accordion_item title=\u00bbSala de 5 a\u00f1os\u00bb open=\u00bbon\u00bb _builder_version=\u00bb4.18.0&#8243; _module_preset=\u00bbdefault\u00bb global_colors_info=\u00bb{}\u00bb]<\/p>\n<div dir=\"auto\">Jornada simple\u00a0<\/div>\n<div dir=\"auto\">*Catequesis\u00a0<\/div>\n<div dir=\"auto\">*Ed. Musical\u00a0<\/div>\n<div dir=\"auto\">*Ed. F\u00edsica\u00a0<\/div>\n<div dir=\"auto\">*Ingl\u00e9s\u00a0<\/div>\n<div dir=\"auto\">*Inform\u00e1tica\u00a0<\/div>\n<div dir=\"auto\"><\/div>\n<div dir=\"auto\">Doble jornada<\/div>\n<div dir=\"auto\">*Catequesis\u00a0<\/div>\n<div dir=\"auto\">*Ed. Musical\u00a0<\/div>\n<div dir=\"auto\">*Ed. F\u00edsica\u00a0<\/div>\n<div dir=\"auto\">*Inform\u00e1tica\u00a0<\/div>\n<div dir=\"auto\">*Ingl\u00e9s\u00a0<\/div>\n<div dir=\"auto\">*Expresi\u00f3n teatral<\/div>\n<p>[\/et_pb_accordion_item][\/et_pb_accordion][\/et_pb_column][\/et_pb_row][\/et_pb_section]<\/p>\n","protected":false},"excerpt":{"rendered":"<p>Materias por aulas y horarios<div class=\"et_pb_module ba_animated_text ba_animated_text_0\">\n\t\t\t\t\n\t\t\t\t\n\t\t\t\t\n\t\t\t\t\n\t\t\t\t\n\t\t\t\t\n\t\t\t\t<div class=\"et_pb_module_inner\">\n\t\t\t\t\t<div id=\"dtq-animated-text-0\" class=\"dtq-module dtq-animated-text dtq-front\" data-settings=\"{&quot;strings&quot;:[&quot;Nivel Inicial&quot;],&quot;showCursor&quot;:true,&quot;loop&quot;:true,&quot;typeSpeed&quot;:100,&quot;startDelay&quot;:300,&quot;backSpeed&quot;:50,&quot;backDelay&quot;:500}\" data-type=\"typed\">\n\t\t\t\t<h3 class=\"dtq-animated-text-head\">\n\t\t\t\t\t <div class=\"dtq-text-animation dtq-animated-text-main dtq-typed-text\"><\/div> \n\t\t\t\t<\/h3>\n\t\t\t<\/div>\n\t\t\t\t<\/div>\n\t\t\t<\/div>Salas de 2, 3, 4 y 5 a\u00f1osTurno ma\u00f1ana de 8:00 hs a 11:40 hs con posibilidad de pre y pos hora.Salas de 3, 4 y 5 a\u00f1osDoble jornada de 8:30 hs a 16:00 hs con posibilidad de pre [&hellip;]<\/p>\n","protected":false},"author":3,"featured_media":0,"parent":0,"menu_order":0,"comment_status":"closed","ping_status":"closed","template":"","meta":{"_et_pb_use_builder":"on","_et_pb_old_content":"","_et_gb_content_width":"","_uag_custom_page_level_css":"","footnotes":""},"class_list":["post-744","page","type-page","status-publish","hentry"],"uagb_featured_image_src":{"full":false,"thumbnail":false,"medium":false,"medium_large":false,"large":false,"elegant_blocks_team_1":false,"elegant_blocks_blog_1":false,"elegant_blocks_slider_1":false,"1536x1536":false,"2048x2048":false,"et-pb-post-main-image":false,"et-pb-post-main-image-fullwidth":false,"et-pb-portfolio-image":false,"et-pb-portfolio-module-image":false,"et-pb-portfolio-image-single":false,"et-pb-gallery-module-image-portrait":false,"et-pb-post-main-image-fullwidth-large":false,"et-pb-image--responsive--desktop":false,"et-pb-image--responsive--tablet":false,"et-pb-image--responsive--phone":false},"uagb_author_info":{"display_name":"Nestor Pelizzari","author_link":"https:\/\/sanvicentedepaul-mataderos.edu.ar\/?author=3"},"uagb_comment_info":0,"uagb_excerpt":"Materias por aulas y horarios[ba_animated_text animated_text=\"%91{%22value%22:%22Nivel Inicial%22,%22checked%22:0,%22dragID%22:-1}%93\" text_alignment=\"center\" _builder_version=\"4.19.5\" _module_preset=\"default\" animated_font=\"|700|||||||\" hover_enabled=\"0\" global_colors_info=\"{}\" width=\"100%\" max_width=\"400px\" module_alignment=\"center\" sticky_enabled=\"0\"][\/ba_animated_text]Salas de 2, 3, 4 y 5 a\u00f1osTurno ma\u00f1ana de 8:00 hs a 11:40 hs con posibilidad de pre y pos hora.Salas de 3, 4 y 5 a\u00f1osDoble jornada de 8:30 hs a 16:00 hs con posibilidad de pre&hellip;","_links":{"self":[{"href":"https:\/\/sanvicentedepaul-mataderos.edu.ar\/index.php?rest_route=\/wp\/v2\/pages\/744","targetHints":{"allow":["GET"]}}],"collection":[{"href":"https:\/\/sanvicentedepaul-mataderos.edu.ar\/index.php?rest_route=\/wp\/v2\/pages"}],"about":[{"href":"https:\/\/sanvicentedepaul-mataderos.edu.ar\/index.php?rest_route=\/wp\/v2\/types\/page"}],"author":[{"embeddable":true,"href":"https:\/\/sanvicentedepaul-mataderos.edu.ar\/index.php?rest_route=\/wp\/v2\/users\/3"}],"replies":[{"embeddable":true,"href":"https:\/\/sanvicentedepaul-mataderos.edu.ar\/index.php?rest_route=%2Fwp%2Fv2%2Fcomments&post=744"}],"version-history":[{"count":34,"href":"https:\/\/sanvicentedepaul-mataderos.edu.ar\/index.php?rest_route=\/wp\/v2\/pages\/744\/revisions"}],"predecessor-version":[{"id":1069,"href":"https:\/\/sanvicentedepaul-mataderos.edu.ar\/index.php?rest_route=\/wp\/v2\/pages\/744\/revisions\/1069"}],"wp:attachment":[{"href":"https:\/\/sanvicentedepaul-mataderos.edu.ar\/index.php?rest_route=%2Fwp%2Fv2%2Fmedia&parent=744"}],"curies":[{"name":"wp","href":"https:\/\/api.w.org\/{rel}","templated":true}]}}